{"id":92,"date":"2023-04-23T18:41:16","date_gmt":"2023-04-23T16:41:16","guid":{"rendered":"https:\/\/nadiaessayan.com\/?page_id=92"},"modified":"2023-04-24T10:50:35","modified_gmt":"2023-04-24T08:50:35","slug":"mon-contact","status":"publish","type":"page","link":"https:\/\/nadiaessayan.com\/index.php\/mon-contact\/","title":{"rendered":"Mon Contact"},"content":{"rendered":"\n<p><br><strong>Vous pouvez me contacter via<\/strong>:<\/p>\n\n\n\n<ul class=\"wp-block-list\">\n<li>Facebook: <a href=\"https:\/\/www.facebook.com\/nadia.essayan\/\">https:\/\/www.facebook.com\/nadia.essayan\/<\/a><\/li>\n\n\n\n<li>Instagram: <a href=\"https:\/\/www.instagram.com\/nadiaessayan\/\">https:\/\/www.instagram.com\/nadiaessayan\/<\/a><\/li>\n\n\n\n<li>Email: <a href=\"mailto:essayan.nadia@gmail.com\">essayan.nadia@gmail.com<\/a><\/li>\n<\/ul>\n\n\n\n<p><\/p>\n\n\n\n<p><strong>Ou remplissez le formulaire ci-dessous pour me contacter:<\/strong><\/p>\n\n\n\n<div class=\"wp-block-contact-form-7-contact-form-selector\">\n<div class=\"wpcf7 no-js\" id=\"wpcf7-f90-o1\" lang=\"en-US\" dir=\"ltr\">\n<div class=\"screen-reader-response\"><p role=\"status\" aria-live=\"polite\" aria-atomic=\"true\"><\/p> <ul><\/ul><\/div>\n<form action=\"\/index.php\/wp-json\/wp\/v2\/pages\/92#wpcf7-f90-o1\" method=\"post\" class=\"wpcf7-form init\" aria-label=\"Contact form\" novalidate=\"novalidate\" data-status=\"init\">\n<div style=\"display: none;\">\n<input type=\"hidden\" name=\"_wpcf7\" value=\"90\" \/>\n<input type=\"hidden\" name=\"_wpcf7_version\" value=\"5.8\" \/>\n<input type=\"hidden\" name=\"_wpcf7_locale\" value=\"en_US\" \/>\n<input type=\"hidden\" name=\"_wpcf7_unit_tag\" value=\"wpcf7-f90-o1\" \/>\n<input type=\"hidden\" name=\"_wpcf7_container_post\" value=\"0\" \/>\n<input type=\"hidden\" name=\"_wpcf7_posted_data_hash\" value=\"\" \/>\n<\/div>\n<p><label> Votre nom<br \/>\n<span class=\"wpcf7-form-control-wrap\" data-name=\"your-name\"><input size=\"40\" class=\"wpcf7-form-control wpcf7-text wpcf7-validates-as-required\" autocomplete=\"name\" aria-required=\"true\" aria-invalid=\"false\" value=\"\" type=\"text\" name=\"your-name\" \/><\/span> <\/label>\n<\/p>\n<p><label> Votre e-mail<br \/>\n<span class=\"wpcf7-form-control-wrap\" data-name=\"your-email\"><input size=\"40\" class=\"wpcf7-form-control wpcf7-email wpcf7-validates-as-required wpcf7-text wpcf7-validates-as-email\" autocomplete=\"email\" aria-required=\"true\" aria-invalid=\"false\" value=\"\" type=\"email\" name=\"your-email\" \/><\/span> <\/label>\n<\/p>\n<p><label> Sujet<br \/>\n<span class=\"wpcf7-form-control-wrap\" data-name=\"your-subject\"><input size=\"40\" class=\"wpcf7-form-control wpcf7-text wpcf7-validates-as-required\" aria-required=\"true\" aria-invalid=\"false\" value=\"\" type=\"text\" name=\"your-subject\" \/><\/span> <\/label>\n<\/p>\n<p><label> Votre message (optional)<br \/>\n<span class=\"wpcf7-form-control-wrap\" data-name=\"your-message\"><textarea cols=\"40\" rows=\"10\" class=\"wpcf7-form-control wpcf7-textarea\" aria-invalid=\"false\" name=\"your-message\"><\/textarea><\/span> <\/label>\n<\/p>\n<p><input class=\"wpcf7-form-control wpcf7-submit has-spinner\" type=\"submit\" value=\"Soumettre\" \/>\n<\/p><p style=\"display: none !important;\"><label>&#916;<textarea name=\"_wpcf7_ak_hp_textarea\" cols=\"45\" rows=\"8\" maxlength=\"100\"><\/textarea><\/label><input type=\"hidden\" id=\"ak_js_1\" name=\"_wpcf7_ak_js\" value=\"145\"\/><script>document.getElementById( \"ak_js_1\" ).setAttribute( \"value\", ( new Date() ).getTime() );<\/script><\/p><div class=\"wpcf7-response-output\" aria-hidden=\"true\"><\/div>\n<\/form>\n<\/div>\n<\/div>\n","protected":false},"excerpt":{"rendered":"<p>Vous pouvez me contacter via: Ou remplissez le formulaire ci-dessous pour me contacter:<\/p>\n","protected":false},"author":2,"featured_media":96,"parent":0,"menu_order":0,"comment_status":"closed","ping_status":"closed","template":"","meta":{"footnotes":""},"class_list":["post-92","page","type-page","status-publish","has-post-thumbnail","hentry","clear"],"yoast_head":"<!-- This site is optimized with the Yoast SEO plugin v21.1 - https:\/\/yoast.com\/wordpress\/plugins\/seo\/ -->\n<title>Mon Contact - Nadia Essayan<\/title>\n<meta name=\"robots\" content=\"index, follow, max-snippet:-1, max-image-preview:large, max-video-preview:-1\" \/>\n<link rel=\"canonical\" href=\"https:\/\/nadiaessayan.com\/index.php\/mon-contact\/\" \/>\n<meta property=\"og:locale\" content=\"fr_FR\" \/>\n<meta property=\"og:type\" content=\"article\" \/>\n<meta property=\"og:title\" content=\"Mon Contact - Nadia Essayan\" \/>\n<meta property=\"og:description\" content=\"Vous pouvez me contacter via: Ou remplissez le formulaire ci-dessous pour me contacter:\" \/>\n<meta property=\"og:url\" content=\"https:\/\/nadiaessayan.com\/index.php\/mon-contact\/\" \/>\n<meta property=\"og:site_name\" content=\"Nadia Essayan\" \/>\n<meta property=\"article:modified_time\" content=\"2023-04-24T08:50:35+00:00\" \/>\n<meta property=\"og:image\" content=\"https:\/\/nadiaessayan.com\/wp-content\/uploads\/2023\/04\/contact2.jpg\" \/>\n\t<meta property=\"og:image:width\" content=\"1080\" \/>\n\t<meta property=\"og:image:height\" content=\"197\" \/>\n\t<meta property=\"og:image:type\" content=\"image\/jpeg\" \/>\n<meta name=\"twitter:card\" content=\"summary_large_image\" \/>\n<script type=\"application\/ld+json\" class=\"yoast-schema-graph\">{\"@context\":\"https:\/\/schema.org\",\"@graph\":[{\"@type\":\"WebPage\",\"@id\":\"https:\/\/nadiaessayan.com\/index.php\/mon-contact\/\",\"url\":\"https:\/\/nadiaessayan.com\/index.php\/mon-contact\/\",\"name\":\"Mon Contact - Nadia Essayan\",\"isPartOf\":{\"@id\":\"https:\/\/nadiaessayan.com\/#website\"},\"datePublished\":\"2023-04-23T16:41:16+00:00\",\"dateModified\":\"2023-04-24T08:50:35+00:00\",\"breadcrumb\":{\"@id\":\"https:\/\/nadiaessayan.com\/index.php\/mon-contact\/#breadcrumb\"},\"inLanguage\":\"fr-FR\",\"potentialAction\":[{\"@type\":\"ReadAction\",\"target\":[\"https:\/\/nadiaessayan.com\/index.php\/mon-contact\/\"]}]},{\"@type\":\"BreadcrumbList\",\"@id\":\"https:\/\/nadiaessayan.com\/index.php\/mon-contact\/#breadcrumb\",\"itemListElement\":[{\"@type\":\"ListItem\",\"position\":1,\"name\":\"Home\",\"item\":\"https:\/\/nadiaessayan.com\/\"},{\"@type\":\"ListItem\",\"position\":2,\"name\":\"Mon Contact\"}]},{\"@type\":\"WebSite\",\"@id\":\"https:\/\/nadiaessayan.com\/#website\",\"url\":\"https:\/\/nadiaessayan.com\/\",\"name\":\"Nadia Essayan\",\"description\":\"Conseill\u00e8re r\u00e9gionale - Ancienne d\u00e9put\u00e9e\",\"publisher\":{\"@id\":\"https:\/\/nadiaessayan.com\/#\/schema\/person\/3c7bc3e25cff8bcf663593972174135c\"},\"potentialAction\":[{\"@type\":\"SearchAction\",\"target\":{\"@type\":\"EntryPoint\",\"urlTemplate\":\"https:\/\/nadiaessayan.com\/?s={search_term_string}\"},\"query-input\":\"required name=search_term_string\"}],\"inLanguage\":\"fr-FR\"},{\"@type\":[\"Person\",\"Organization\"],\"@id\":\"https:\/\/nadiaessayan.com\/#\/schema\/person\/3c7bc3e25cff8bcf663593972174135c\",\"name\":\"nadia essayan\",\"image\":{\"@type\":\"ImageObject\",\"inLanguage\":\"fr-FR\",\"@id\":\"https:\/\/nadiaessayan.com\/#\/schema\/person\/image\/\",\"url\":\"https:\/\/nadiaessayan.com\/wp-content\/uploads\/2023\/04\/logo3.png\",\"contentUrl\":\"https:\/\/nadiaessayan.com\/wp-content\/uploads\/2023\/04\/logo3.png\",\"width\":687,\"height\":88,\"caption\":\"nadia essayan\"},\"logo\":{\"@id\":\"https:\/\/nadiaessayan.com\/#\/schema\/person\/image\/\"}}]}<\/script>\n<!-- \/ Yoast SEO plugin. -->","yoast_head_json":{"title":"Mon Contact - Nadia Essayan","robots":{"index":"index","follow":"follow","max-snippet":"max-snippet:-1","max-image-preview":"max-image-preview:large","max-video-preview":"max-video-preview:-1"},"canonical":"https:\/\/nadiaessayan.com\/index.php\/mon-contact\/","og_locale":"fr_FR","og_type":"article","og_title":"Mon Contact - Nadia Essayan","og_description":"Vous pouvez me contacter via: Ou remplissez le formulaire ci-dessous pour me contacter:","og_url":"https:\/\/nadiaessayan.com\/index.php\/mon-contact\/","og_site_name":"Nadia Essayan","article_modified_time":"2023-04-24T08:50:35+00:00","og_image":[{"width":1080,"height":197,"url":"https:\/\/nadiaessayan.com\/wp-content\/uploads\/2023\/04\/contact2.jpg","type":"image\/jpeg"}],"twitter_card":"summary_large_image","schema":{"@context":"https:\/\/schema.org","@graph":[{"@type":"WebPage","@id":"https:\/\/nadiaessayan.com\/index.php\/mon-contact\/","url":"https:\/\/nadiaessayan.com\/index.php\/mon-contact\/","name":"Mon Contact - Nadia Essayan","isPartOf":{"@id":"https:\/\/nadiaessayan.com\/#website"},"datePublished":"2023-04-23T16:41:16+00:00","dateModified":"2023-04-24T08:50:35+00:00","breadcrumb":{"@id":"https:\/\/nadiaessayan.com\/index.php\/mon-contact\/#breadcrumb"},"inLanguage":"fr-FR","potentialAction":[{"@type":"ReadAction","target":["https:\/\/nadiaessayan.com\/index.php\/mon-contact\/"]}]},{"@type":"BreadcrumbList","@id":"https:\/\/nadiaessayan.com\/index.php\/mon-contact\/#breadcrumb","itemListElement":[{"@type":"ListItem","position":1,"name":"Home","item":"https:\/\/nadiaessayan.com\/"},{"@type":"ListItem","position":2,"name":"Mon Contact"}]},{"@type":"WebSite","@id":"https:\/\/nadiaessayan.com\/#website","url":"https:\/\/nadiaessayan.com\/","name":"Nadia Essayan","description":"Conseill\u00e8re r\u00e9gionale - Ancienne d\u00e9put\u00e9e","publisher":{"@id":"https:\/\/nadiaessayan.com\/#\/schema\/person\/3c7bc3e25cff8bcf663593972174135c"},"potentialAction":[{"@type":"SearchAction","target":{"@type":"EntryPoint","urlTemplate":"https:\/\/nadiaessayan.com\/?s={search_term_string}"},"query-input":"required name=search_term_string"}],"inLanguage":"fr-FR"},{"@type":["Person","Organization"],"@id":"https:\/\/nadiaessayan.com\/#\/schema\/person\/3c7bc3e25cff8bcf663593972174135c","name":"nadia essayan","image":{"@type":"ImageObject","inLanguage":"fr-FR","@id":"https:\/\/nadiaessayan.com\/#\/schema\/person\/image\/","url":"https:\/\/nadiaessayan.com\/wp-content\/uploads\/2023\/04\/logo3.png","contentUrl":"https:\/\/nadiaessayan.com\/wp-content\/uploads\/2023\/04\/logo3.png","width":687,"height":88,"caption":"nadia essayan"},"logo":{"@id":"https:\/\/nadiaessayan.com\/#\/schema\/person\/image\/"}}]}},"jetpack_sharing_enabled":true,"_links":{"self":[{"href":"https:\/\/nadiaessayan.com\/index.php\/wp-json\/wp\/v2\/pages\/92","targetHints":{"allow":["GET"]}}],"collection":[{"href":"https:\/\/nadiaessayan.com\/index.php\/wp-json\/wp\/v2\/pages"}],"about":[{"href":"https:\/\/nadiaessayan.com\/index.php\/wp-json\/wp\/v2\/types\/page"}],"author":[{"embeddable":true,"href":"https:\/\/nadiaessayan.com\/index.php\/wp-json\/wp\/v2\/users\/2"}],"replies":[{"embeddable":true,"href":"https:\/\/nadiaessayan.com\/index.php\/wp-json\/wp\/v2\/comments?post=92"}],"version-history":[{"count":9,"href":"https:\/\/nadiaessayan.com\/index.php\/wp-json\/wp\/v2\/pages\/92\/revisions"}],"predecessor-version":[{"id":120,"href":"https:\/\/nadiaessayan.com\/index.php\/wp-json\/wp\/v2\/pages\/92\/revisions\/120"}],"wp:featuredmedia":[{"embeddable":true,"href":"https:\/\/nadiaessayan.com\/index.php\/wp-json\/wp\/v2\/media\/96"}],"wp:attachment":[{"href":"https:\/\/nadiaessayan.com\/index.php\/wp-json\/wp\/v2\/media?parent=92"}],"curies":[{"name":"wp","href":"https:\/\/api.w.org\/{rel}","templated":true}]}}